{"id":145,"date":"2017-09-14T11:05:19","date_gmt":"2017-09-14T09:05:19","guid":{"rendered":"http:\/\/arkhe.it\/libri\/?post_type=product&#038;p=145"},"modified":"2019-09-16T15:13:46","modified_gmt":"2019-09-16T13:13:46","slug":"una-favola-per-laquila","status":"publish","type":"product","link":"https:\/\/www.arkhe.it\/libri\/prodotto\/una-favola-per-laquila\/","title":{"rendered":"Una favola per L&#8217;Aquila"},"content":{"rendered":"<p>Ventotto favole per mettere un punto fermo in fondo alla terribile pagina del terremoto e ricominciare una nuova storia. Ogni favola \u00e8 accompagnata da un&#8217;illustrazione che offre anche ai pi\u00f9 piccoli la possibilit\u00e0 di accedere al testo.<br \/>\nEt\u00e0 consigliata: 4\/15 anni.<\/p>\n","protected":false},"excerpt":{"rendered":"<p>Ventotto favole per mettere un punto fermo in fondo alla terribile pagina del terremoto e ricominciare una nuova storia. Ogni favola \u00e8 accompagnata da un&#8217;illustrazione che offre anche ai pi\u00f9 [&hellip;]<\/p>\n","protected":false},"featured_media":146,"comment_status":"open","ping_status":"closed","template":"","meta":[],"product_cat":[118,273],"product_tag":[],"_links":{"self":[{"href":"https:\/\/www.arkhe.it\/libri\/wp-json\/wp\/v2\/product\/145"}],"collection":[{"href":"https:\/\/www.arkhe.it\/libri\/wp-json\/wp\/v2\/product"}],"about":[{"href":"https:\/\/www.arkhe.it\/libri\/wp-json\/wp\/v2\/types\/product"}],"replies":[{"embeddable":true,"href":"https:\/\/www.arkhe.it\/libri\/wp-json\/wp\/v2\/comments?post=145"}],"wp:featuredmedia":[{"embeddable":true,"href":"https:\/\/www.arkhe.it\/libri\/wp-json\/wp\/v2\/media\/146"}],"wp:attachment":[{"href":"https:\/\/www.arkhe.it\/libri\/wp-json\/wp\/v2\/media?parent=145"}],"wp:term":[{"taxonomy":"product_cat","embeddable":true,"href":"https:\/\/www.arkhe.it\/libri\/wp-json\/wp\/v2\/product_cat?post=145"},{"taxonomy":"product_tag","embeddable":true,"href":"https:\/\/www.arkhe.it\/libri\/wp-json\/wp\/v2\/product_tag?post=145"}],"curies":[{"name":"wp","href":"https:\/\/api.w.org\/{rel}","templated":true}]}}