{"id":148,"date":"2017-09-14T11:20:18","date_gmt":"2017-09-14T09:20:18","guid":{"rendered":"http:\/\/arkhe.it\/libri\/?post_type=product&#038;p=148"},"modified":"2019-09-16T15:14:21","modified_gmt":"2019-09-16T13:14:21","slug":"una-foresta-grande-grande-grande","status":"publish","type":"product","link":"https:\/\/www.arkhe.it\/libri\/prodotto\/una-foresta-grande-grande-grande\/","title":{"rendered":"Una foresta grande grande grande edizione illustrata"},"content":{"rendered":"<p>Quattordici favole inventate o riscritte da un nonno per i suoi nipotini, che diventano occasione di creazione letteraria che educa all&#8217;ambiente e alla natura grazie ad un genere, la favola appunto, che da secoli \u00e8 utilizzato dall&#8217;umanit\u00e0 per tramandare nozioni e valori da una generazione all&#8217;altra. Il testo \u00e8 accompagnato, im un&#8217;unione grafica inscindibile, da acquerelli dell&#8217;artista Stefania Gigante.<br \/>\nEt\u00e0 consigliata: 4\/15 anni.<\/p>\n","protected":false},"excerpt":{"rendered":"<p>Quattordici favole inventate o riscritte da un nonno per i suoi nipotini, che diventano occasione di creazione letteraria che educa all&#8217;ambiente e alla natura grazie ad un genere, la favola [&hellip;]<\/p>\n","protected":false},"featured_media":149,"comment_status":"open","ping_status":"closed","template":"","meta":[],"product_cat":[118,273],"product_tag":[],"_links":{"self":[{"href":"https:\/\/www.arkhe.it\/libri\/wp-json\/wp\/v2\/product\/148"}],"collection":[{"href":"https:\/\/www.arkhe.it\/libri\/wp-json\/wp\/v2\/product"}],"about":[{"href":"https:\/\/www.arkhe.it\/libri\/wp-json\/wp\/v2\/types\/product"}],"replies":[{"embeddable":true,"href":"https:\/\/www.arkhe.it\/libri\/wp-json\/wp\/v2\/comments?post=148"}],"wp:featuredmedia":[{"embeddable":true,"href":"https:\/\/www.arkhe.it\/libri\/wp-json\/wp\/v2\/media\/149"}],"wp:attachment":[{"href":"https:\/\/www.arkhe.it\/libri\/wp-json\/wp\/v2\/media?parent=148"}],"wp:term":[{"taxonomy":"product_cat","embeddable":true,"href":"https:\/\/www.arkhe.it\/libri\/wp-json\/wp\/v2\/product_cat?post=148"},{"taxonomy":"product_tag","embeddable":true,"href":"https:\/\/www.arkhe.it\/libri\/wp-json\/wp\/v2\/product_tag?post=148"}],"curies":[{"name":"wp","href":"https:\/\/api.w.org\/{rel}","templated":true}]}}