{"id":267,"date":"2018-01-12T18:26:24","date_gmt":"2018-01-12T17:26:24","guid":{"rendered":"http:\/\/arkhe.it\/libri\/?post_type=product&#038;p=267"},"modified":"2018-01-12T18:30:14","modified_gmt":"2018-01-12T17:30:14","slug":"la-bellezza-resta","status":"publish","type":"product","link":"https:\/\/www.arkhe.it\/libri\/prodotto\/la-bellezza-resta\/","title":{"rendered":"La bellezza resta"},"content":{"rendered":"<p>Prendi un gruppo di donne coraggiose, che stanno affrontando una difficile sfida, desiderose di condividere la loro storia, un fotografo professionista, una truccatrice esperta, testarda e volenterosa: nasce da questi attori la mostra \u201cDopo tutto\u2026 IO\u201d, organizzata dall\u2019Associazione di Volontariato \u201cPer Lei\u201d e dalla Luig (Libera Universit\u00e0 Igino Giordani).<br \/>\nNella mostra sono esposti scatti raffiguranti alcune delle donne che nei primi cinque anni di attivit\u00e0 hanno fatto parte dell\u2019associazione, l\u2019hanno frequentata, arricchita e riempita con la loro storia e la loro esperienza di vita, di malattia e guarigione. L\u2019associazione di volontariato \u201cPer Lei\u201d si occupa, infatti, dal marzo 2008, di sostegno fisioterapico, medico e psicologico a donne colpite dal tumore al seno nella zona di Tivoli; all\u2019interno dell\u2019associazione operano numerose volontarie  che mettono a disposizione la propria professionalit\u00e0 ed il proprio tempo per affiancare e sostenere le donne nel difficile percorso della malattia oncologica.<br \/>\nLa realizzazione degli scatti ha avuto come fine quello di portare una testimonianza di vita e della forza delle donne dopo e\/o durante la malattia. Si \u00e8 voluto ritrarle per lo pi\u00f9 nel loro ambiente domestico, vicine a persone o animali a loro cari, in una situazione di quotidianit\u00e0, delicatamente valorizzate nella loro bellezza dal trucco di Carla Trudu, esperta in make-up e volontaria presso l\u2019Associazione. Ciascuna donna ha scelto di porsi davanti alla fotocamera del maestro Tonino Novelli, con la volont\u00e0 di inviare un messaggio preciso: \u201cio ci sono\u201de di portare questo messaggio a tutte le altre compagne di viaggio ancora lungo la strada della cura e del trattamento.<br \/>\nNel 2014 \u201cDopo Tutto&#8230; io!\u201d ha incrociato sulla sua strada la mostra fotografica \u201cLa bellezza resta 30 scatti di coraggioso splendore\u201d ideata e curata dalla make up artist Valentina Zatti e dalla fotografa Cecilia Pinci. L\u2019obiettivo comune delle due mostre ha dato il via ad un\u2019unica esposizione, ad un fluire di testimonianze dalle immagini di diverso impatto.<br \/>\nIl desiderio delle protagoniste delle due mostre, ha ampliato questa \u201crete di stelle\u201d, questa \u201ccarovana viaggiante\u201d arricchendosi con il contributo di Paola La Rocca ed infine di Andrea Pincherli, Ada Crippa e Monica Maggi.<\/p>\n","protected":false},"excerpt":{"rendered":"<p>Prendi un gruppo di donne coraggiose, che stanno affrontando una difficile sfida, desiderose di condividere la loro storia, un fotografo professionista, una truccatrice esperta, testarda e volenterosa: nasce da questi [&hellip;]<\/p>\n","protected":false},"featured_media":268,"comment_status":"open","ping_status":"closed","template":"","meta":[],"product_cat":[238],"product_tag":[],"_links":{"self":[{"href":"https:\/\/www.arkhe.it\/libri\/wp-json\/wp\/v2\/product\/267"}],"collection":[{"href":"https:\/\/www.arkhe.it\/libri\/wp-json\/wp\/v2\/product"}],"about":[{"href":"https:\/\/www.arkhe.it\/libri\/wp-json\/wp\/v2\/types\/product"}],"replies":[{"embeddable":true,"href":"https:\/\/www.arkhe.it\/libri\/wp-json\/wp\/v2\/comments?post=267"}],"wp:featuredmedia":[{"embeddable":true,"href":"https:\/\/www.arkhe.it\/libri\/wp-json\/wp\/v2\/media\/268"}],"wp:attachment":[{"href":"https:\/\/www.arkhe.it\/libri\/wp-json\/wp\/v2\/media?parent=267"}],"wp:term":[{"taxonomy":"product_cat","embeddable":true,"href":"https:\/\/www.arkhe.it\/libri\/wp-json\/wp\/v2\/product_cat?post=267"},{"taxonomy":"product_tag","embeddable":true,"href":"https:\/\/www.arkhe.it\/libri\/wp-json\/wp\/v2\/product_tag?post=267"}],"curies":[{"name":"wp","href":"https:\/\/api.w.org\/{rel}","templated":true}]}}