{"id":700,"date":"2019-06-28T13:52:42","date_gmt":"2019-06-28T11:52:42","guid":{"rendered":"http:\/\/arkhe.it\/libri\/?post_type=product&#038;p=700"},"modified":"2019-09-16T15:09:16","modified_gmt":"2019-09-16T13:09:16","slug":"croo-e-proo","status":"publish","type":"product","link":"https:\/\/www.arkhe.it\/libri\/prodotto\/croo-e-proo\/","title":{"rendered":"L\u2019incredibile storia di Croo e Proo e del perch\u00e9 dormono con te"},"content":{"rendered":"<p>\u201cParlare della morte al bambino non \u00e8 facile e non c\u2019\u00e8 un modo giusto, ma evitare di parlarne \u00e8 un modo per sottrargli dignit\u00e0 [\u2026] Il bambino ha bisogno di sapere, di conoscere. \u00c8 bene e necessario quindi, stringere con lui un \u2018patto di comunicazione\u2019, stargli vicino per aiutarlo ad affrontare e a capire che \u00e8 libero di comunicare come si sente, che pu\u00f2 fare qualsiasi domanda e che voi farete il possibile per rispondere [&#8230;] E quando accadr\u00e0 sar\u00e0 importante che voi lo facciate fornendo informazioni precise e adatte all\u2019et\u00e0 del bambino, con un linguaggio che sia per lui comprensibile.\u201d Leonardo Magalotti psicologo, psicoterapeuta (estratto dalla rivista Formazione in Psicoterapia Counseling Fenomenologia)<\/p>\n<p>Forse potranno aiutarvi questi due piccoli amici che, nella morte, trovano libert\u00e0 e felicit\u00e0; decidono poi di popolare i sogni dei piccoli amici e di sonnecchiare per sempre sui loro cuori.<\/p>\n","protected":false},"excerpt":{"rendered":"<p>\u201cParlare della morte al bambino non \u00e8 facile e non c\u2019\u00e8 un modo giusto, ma evitare di parlarne \u00e8 un modo per sottrargli dignit\u00e0 [\u2026] Il bambino ha bisogno di [&hellip;]<\/p>\n","protected":false},"featured_media":701,"comment_status":"open","ping_status":"closed","template":"","meta":[],"product_cat":[277,118,273],"product_tag":[],"_links":{"self":[{"href":"https:\/\/www.arkhe.it\/libri\/wp-json\/wp\/v2\/product\/700"}],"collection":[{"href":"https:\/\/www.arkhe.it\/libri\/wp-json\/wp\/v2\/product"}],"about":[{"href":"https:\/\/www.arkhe.it\/libri\/wp-json\/wp\/v2\/types\/product"}],"replies":[{"embeddable":true,"href":"https:\/\/www.arkhe.it\/libri\/wp-json\/wp\/v2\/comments?post=700"}],"wp:featuredmedia":[{"embeddable":true,"href":"https:\/\/www.arkhe.it\/libri\/wp-json\/wp\/v2\/media\/701"}],"wp:attachment":[{"href":"https:\/\/www.arkhe.it\/libri\/wp-json\/wp\/v2\/media?parent=700"}],"wp:term":[{"taxonomy":"product_cat","embeddable":true,"href":"https:\/\/www.arkhe.it\/libri\/wp-json\/wp\/v2\/product_cat?post=700"},{"taxonomy":"product_tag","embeddable":true,"href":"https:\/\/www.arkhe.it\/libri\/wp-json\/wp\/v2\/product_tag?post=700"}],"curies":[{"name":"wp","href":"https:\/\/api.w.org\/{rel}","templated":true}]}}