{"id":834,"date":"2019-09-16T18:49:29","date_gmt":"2019-09-16T16:49:29","guid":{"rendered":"http:\/\/arkhe.it\/libri\/?post_type=product&#038;p=834"},"modified":"2019-09-25T13:39:10","modified_gmt":"2019-09-25T11:39:10","slug":"a-un-passo-dalla-luna","status":"publish","type":"product","link":"https:\/\/www.arkhe.it\/libri\/prodotto\/a-un-passo-dalla-luna\/","title":{"rendered":"A un passo dalla luna"},"content":{"rendered":"<h4>Illustrazioni di Luca Fattore<\/h4>\n<p>Un\u2019avventura all\u2019inseguimento della luna, in una notte piena di incontri sorprendenti, si riveler\u00e0 un viaggio dentro se stessi.<\/p>\n<p>Alessia, la protagonista, si trover\u00e0 a dialogare con la volpe, la mucca e il pastore; affronter\u00e0 la gioia dei nuovi incontri e il dolore di doverli lasciare; capir\u00e0 l\u2019importanza dell\u2019amicizia e del ricordo che rendono indelebile il pensiero di una persona cara.<\/p>\n<p>L\u2019evento tragico del terremoto del 2009 ha portato via tante persone ai propri amici e familiari; questo albo illustrato nasce in memoria di Alessia Di Pasquale, facendole simbolicamente vivere quella notte che l\u2019ha portata via per sempre.<span class=\"Apple-converted-space\">\u00a0<\/span><\/p>\n<p>Il suo ricordo vive nelle persone che l\u2019hanno incontrata.<\/p>\n","protected":false},"excerpt":{"rendered":"<p>Illustrazioni di Luca Fattore Un\u2019avventura all\u2019inseguimento della luna, in una notte piena di incontri sorprendenti, si riveler\u00e0 un viaggio dentro se stessi. Alessia, la protagonista, si trover\u00e0 a dialogare con [&hellip;]<\/p>\n","protected":false},"featured_media":835,"comment_status":"open","ping_status":"closed","template":"","meta":[],"product_cat":[226,277,118,273],"product_tag":[],"_links":{"self":[{"href":"https:\/\/www.arkhe.it\/libri\/wp-json\/wp\/v2\/product\/834"}],"collection":[{"href":"https:\/\/www.arkhe.it\/libri\/wp-json\/wp\/v2\/product"}],"about":[{"href":"https:\/\/www.arkhe.it\/libri\/wp-json\/wp\/v2\/types\/product"}],"replies":[{"embeddable":true,"href":"https:\/\/www.arkhe.it\/libri\/wp-json\/wp\/v2\/comments?post=834"}],"wp:featuredmedia":[{"embeddable":true,"href":"https:\/\/www.arkhe.it\/libri\/wp-json\/wp\/v2\/media\/835"}],"wp:attachment":[{"href":"https:\/\/www.arkhe.it\/libri\/wp-json\/wp\/v2\/media?parent=834"}],"wp:term":[{"taxonomy":"product_cat","embeddable":true,"href":"https:\/\/www.arkhe.it\/libri\/wp-json\/wp\/v2\/product_cat?post=834"},{"taxonomy":"product_tag","embeddable":true,"href":"https:\/\/www.arkhe.it\/libri\/wp-json\/wp\/v2\/product_tag?post=834"}],"curies":[{"name":"wp","href":"https:\/\/api.w.org\/{rel}","templated":true}]}}